{"id":266,"date":"2021-10-16T20:47:42","date_gmt":"2021-10-16T18:47:42","guid":{"rendered":"https:\/\/www2.gold-silber-kontor.li\/?page_id=266"},"modified":"2021-10-25T12:53:20","modified_gmt":"2021-10-25T10:53:20","slug":"allgemeine-geschaeftsbedinungen","status":"publish","type":"page","link":"https:\/\/www.gold-silber-kontor.li\/?page_id=266","title":{"rendered":"Allgemeine Gesch\u00e4ftsbedinungen"},"content":{"rendered":"\t\t<div data-elementor-type=\"wp-page\" data-elementor-id=\"266\" class=\"elementor elementor-266\">\n\t\t\t\t\t\t<section class=\"elementor-section elementor-top-section elementor-element elementor-element-30969343 elementor-section-height-min-height elementor-section-content-middle elementor-section-boxed elementor-section-height-default elementor-section-items-middle\" data-id=\"30969343\" data-element_type=\"section\" data-e-type=\"section\" data-settings=\"{&quot;background_background&quot;:&quot;classic&quot;}\">\n\t\t\t\t\t\t\t<div class=\"elementor-background-overlay\"><\/div>\n\t\t\t\t\t\t\t<div class=\"elementor-container elementor-column-gap-default\">\n\t\t\t\t\t<div class=\"elementor-column elementor-col-100 elementor-top-column elementor-element elementor-element-104aa0bf\" data-id=\"104aa0bf\" data-element_type=\"column\" data-e-type=\"column\">\n\t\t\t<div class=\"elementor-widget-wrap elementor-element-populated\">\n\t\t\t\t\t\t<div class=\"elementor-element elementor-element-ca1ce90 elementor-widget elementor-widget-heading\" data-id=\"ca1ce90\" data-element_type=\"widget\" data-e-type=\"widget\" data-widget_type=\"heading.default\">\n\t\t\t\t<div class=\"elementor-widget-container\">\n\t\t\t\t\t<h2 class=\"elementor-heading-title elementor-size-default\">AGB<\/h2>\t\t\t\t<\/div>\n\t\t\t\t<\/div>\n\t\t\t\t\t<\/div>\n\t\t<\/div>\n\t\t\t\t\t<\/div>\n\t\t<\/section>\n\t\t\t\t<section class=\"elementor-section elementor-top-section elementor-element elementor-element-637690db elementor-section-height-min-height elementor-section-content-middle elementor-section-boxed elementor-section-height-default elementor-section-items-middle\" data-id=\"637690db\" data-element_type=\"section\" data-e-type=\"section\" data-settings=\"{&quot;background_background&quot;:&quot;classic&quot;}\">\n\t\t\t\t\t\t<div class=\"elementor-container elementor-column-gap-default\">\n\t\t\t\t\t<div class=\"elementor-column elementor-col-100 elementor-top-column elementor-element elementor-element-60d2d1a2\" data-id=\"60d2d1a2\" data-element_type=\"column\" data-e-type=\"column\">\n\t\t\t<div class=\"elementor-widget-wrap elementor-element-populated\">\n\t\t\t\t\t\t<div class=\"elementor-element elementor-element-35858d07 elementor-widget elementor-widget-heading\" data-id=\"35858d07\" data-element_type=\"widget\" data-e-type=\"widget\" data-widget_type=\"heading.default\">\n\t\t\t\t<div class=\"elementor-widget-container\">\n\t\t\t\t\t<h2 class=\"elementor-heading-title elementor-size-large\">Allgemeine Gesch\u00e4ftsbedingungen<\/h2>\t\t\t\t<\/div>\n\t\t\t\t<\/div>\n\t\t\t\t<section class=\"elementor-section elementor-inner-section elementor-element elementor-element-15df84f elementor-section-boxed elementor-section-height-default elementor-section-height-default\" data-id=\"15df84f\" data-element_type=\"section\" data-e-type=\"section\">\n\t\t\t\t\t\t<div class=\"elementor-container elementor-column-gap-default\">\n\t\t\t\t\t<div class=\"elementor-column elementor-col-100 elementor-inner-column elementor-element elementor-element-bb0cb5b\" data-id=\"bb0cb5b\" data-element_type=\"column\" data-e-type=\"column\">\n\t\t\t<div class=\"elementor-widget-wrap elementor-element-populated\">\n\t\t\t\t\t\t<div class=\"elementor-element elementor-element-c57cc86 elementor-widget elementor-widget-text-editor\" data-id=\"c57cc86\" data-element_type=\"widget\" data-e-type=\"widget\" data-widget_type=\"text-editor.default\">\n\t\t\t\t<div class=\"elementor-widget-container\">\n\t\t\t\t\t\t\t\t\t<div class=\"fusion-title title fusion-title-1 fusion-sep-none fusion-title-text fusion-title-size-one\"><h3 class=\"fusion-responsive-typography-calculated\" data-fontsize=\"16\" data-lineheight=\"24px\">Allgemeine Gesch\u00e4ftsbedingungen (AGB) der Gold &amp; Silber Kontor AG<\/h3><p>Stand: 03.09.2019<\/p><\/div><div class=\"fusion-text fusion-text-1\"><h3 class=\"fusion-responsive-typography-calculated\" data-fontsize=\"16\" data-lineheight=\"24px\">1. Rechtsverh\u00e4ltnis<\/h3><p>Die Gold &amp; Silber Kontor AG (GSK AG) ist ein H\u00e4ndler mit Edelmetallen, welche zum Kauf und zur Lagerung angeboten werden. Die rechtliche Grundlage bilden der Edelmetallkauf- und Lagervertrag (EKL) sowie die vorliegenden AGB. F\u00fcr jeden Kauf muss ein separater EKL abgeschlossen werden. Vertr\u00e4ge mit ratierlichen Zahlungen sind nicht vorgesehen.<\/p><h3 class=\"fusion-responsive-typography-calculated\" data-fontsize=\"16\" data-lineheight=\"24px\">2. Edelmetalllager<\/h3><p>Der Kunde hinterlegt die gekauften Edelmetalle in der Regel als Sammelverwahrung mit Anrecht auf Teil eines Ganzen in den zoll- und mehrwertsteuerfreien Lagern der GSK AG. Werden Edelmetalle im Gegenwert von 1 Kilogramm Gold, Platin, Palladium oder 1.000 Unzen Silber gekauft, so k\u00f6nnen \u2013 kaufvolumenabh\u00e4ngig \u2013 die Edelmetallbarren mit Seriennummern auf den K\u00e4ufer registriert werden.<\/p><h3 class=\"fusion-responsive-typography-calculated\" data-fontsize=\"16\" data-lineheight=\"24px\">3. Geb\u00fchren, Zinsen<\/h3><p>Die Lagergeb\u00fchr betr\u00e4gt 1,5 % p. a. (plus MwSt) des tagesaktuellen Briefkurses der GSK AG, erstmals berechnet (pro rata temporis) und f\u00e4llig am Tag des Edelmetalleinkaufes und weiterhin im voraus jeweils per 1. Januar jeden Jahres.<br \/>Die Lagergeb\u00fchr wird jeweils direkt dem Edelmetalllagerbestand abgezogen und berechnet sich auf der Grundlage der Ziffer 7 dieser AGB. Es besteht kein Recht auf Verrechnung der Lagergeb\u00fchr pro rata temporis bei unterj\u00e4hrigem Verkauf oder Entnahme des eingelagerten Edelmetallbestandes. Das Edelmetalllager des Kunden wird nicht verzinst, eventuell anfallende Zinsen stehen der GSK AG zu.<\/p><h3 class=\"fusion-responsive-typography-calculated\" data-fontsize=\"16\" data-lineheight=\"24px\">4. Provision<\/h3><p>Der EKL-Vermittler vereinbart mit dem K\u00e4ufer eine Provision von regul\u00e4r und maximal 5% der Kaufsumme. Die Provision ist geschuldet und f\u00e4llig mit der Zahlung der Kaufsumme bei Erstabschluss sowie bei Aufstockung eines bestehenden Edelmetalllagers. Der Kunde hat kein Recht auf Verrechnung der Provision pro rata temporis bei unterj\u00e4hrigem Verkauf oder Entnahme des eingelagerten Edelmetallbestandes.<\/p><h3 class=\"fusion-responsive-typography-calculated\" data-fontsize=\"16\" data-lineheight=\"24px\">5. Edelmetallart und -form<\/h3><p>Der Kunde bestimmt in welchem Verh\u00e4ltnis er Gold, Silber, Platin und\/oder Palladium kauft und einlagert. Die GSK AG lagert vorwiegend 1 Kilogramm Gold-, Platin- und Palladiumbarren sowie 1.000 Unzen Silberbarren (eine Unze \/ one troy ounce entspricht 31,10348 Gramm) ein, weshalb die im Lagerbestand ausgewiesenen Edelmetalle grunds\u00e4tzlich als Teil eines Ganzen zu verstehen sind. Aus Flexibilit\u00e4ts- und Diversifikationsgr\u00fcnden k\u00f6nnen neben Barren auch bis zu 25 % des Metallbestandes als kleinere Anlageeinheiten erworben werden. Es ist zu beachten, dass die Gewichte bei den 1.000 Unzen Silberbarren zwischen ca. 900 und ca. 1.100 Unzen schwanken, weshalb die Edelmetallzuweisung je K\u00e4ufer zus\u00e4tzlich in Gramm erfolgt.<\/p><h3 class=\"fusion-responsive-typography-calculated\" data-fontsize=\"16\" data-lineheight=\"24px\">6. Edelmetalleinheiten<\/h3><p>Die GSK AG kann f\u00fcr Gutschriften, Belastungen und physische Auslieferungen minimale Gewichts- und St\u00fcckeinheiten vorschreiben, wie z. B. Granulate, Barren und g\u00e4ngige Anlagem\u00fcnzen, aufgef\u00fchrt in St\u00fcck mit den entsprechenden Gewichtsangaben in Gramm oder Unzen.<br \/>G\u00e4ngige Anlagem\u00fcnzen wie z. B. Napoleon, Kaiser Wilhelm, Vreneli usw. werden nach dem von der GSK AG festgesetzten Briefkurs ohne numismatische Wertung wie Jahrgang, Qualit\u00e4t, Erhaltung, Seltenheit, usw. bewertet, wobei der Kunde lediglich den Anspruch auf den Material- jedoch nicht den etwaigen numismatischen Wert hat.<\/p><h3 class=\"fusion-responsive-typography-calculated\" data-fontsize=\"16\" data-lineheight=\"24px\">7. Bezahlung und Kauf der Ware<\/h3><p>Mit Unterschrift des EKL ist der Kauf unter Ber\u00fccksichtigung des Widerrufsrechtes rechtsg\u00fcltig zustande gekommen. Die Kaufsumme plus Provision ist sp\u00e4testens mit Ablauf der Widerrufsfrist f\u00e4llig. Erf\u00fcllungsort ist der Sitz der GSK AG.<br \/>Der Kunde kann die Kaufsumme entweder direkt an das treuh\u00e4nderisch verwaltete Konto der GSK AG oder auf das Konto eines mit der GSK AG korrespondierenden Rechtsanwaltes in Deutschland \u00fcberweisen. S\u00e4mtliche Geb\u00fchren (Rechtsanwalt, Bank usw.) tr\u00e4gt der K\u00e4ufer.<br \/>Die Edelmetalle werden nach Eingang des vollst\u00e4ndigen Kaufbetrages auf dem Bankkonto der GSK AG in Liechtenstein binnen 5 Bankarbeitstagen zu den Briefkursen der GSK AG f\u00fcr den Kunden eingekauft. Die GSK AG tr\u00e4gt keine Verantwortung f\u00fcr W\u00e4hrungsschwankungen und Wechselkurse. Edelmetalle werden in US Dollar gehandelt und in die jeweilige W\u00e4hrung des Kunden gem\u00e4\u00df Kaufvertrag gewechselt. Hieraus m\u00f6glicherweise entstehende Wechselkursspesen sowie Wechselkursverluste tr\u00e4gt der K\u00e4ufer.<br \/>Die Geld- und Briefkurse der GSK AG berechnen sich entweder auf der Grundlage des jeweiligen tagesaktuellen Londoner Nachmittags-Fixings (London Fixing p.m.) oder des tats\u00e4chlichen Handelspreises f\u00fcr die entsprechende Edelmetallart plus einer Handelsspanne f\u00fcr Kleinsortenlieferzuschl\u00e4ge, Bearbeitungs- und Administrationskosten, Versicherungen, Transportkosten usw. Die den \u00fcblichen Marktschwankungen unterliegenden jeweiligen Auf- oder Abschl\u00e4ge werden auf Anfrage mitgeteilt.<\/p><h3 class=\"fusion-responsive-typography-calculated\" data-fontsize=\"16\" data-lineheight=\"24px\">8. Lagerbestand<\/h3><p>Ein Auszug \u00fcber den Lagerbestand wird j\u00e4hrlich erstellt und an die im EKL genannte Adresse postalisch zugestellt. Unstimmigkeiten sind der GSK AG binnen 14 Tagen nach Erhalt schriftlich mitzuteilen, andernfalls gilt der ausgewiesene Lagerbestand als akzeptiert. Der Kunde tr\u00e4gt einen aus versp\u00e4teter Beanstandung entstandenen Schaden. Sofern nicht ausdr\u00fccklich (kaufvolumenabh\u00e4ngig) 1 Kilogramm Gold-, Platin- und Palladium- sowie 1.000 Unzen Silberbarren erw\u00e4hnt werden, weist der Lagerauszug grunds\u00e4tzlich einen Anspruch auf den Teil eines Ganzen aus.<\/p><h3 class=\"fusion-responsive-typography-calculated\" data-fontsize=\"16\" data-lineheight=\"24px\">9. Legitimation, Verk\u00e4ufe<\/h3><p>Alle Verkaufsauftr\u00e4ge sind <strong>schriftlich<\/strong> zu erteilen, wobei eine beglaubigte Passkopie und bei Firmen zus\u00e4tzlich ein beglaubigter Handelsregisterauszug beizulegen sind. Die GSK AG pr\u00fcft die Legitimation des Kunden, haftet aber bei Anwendung der gesch\u00e4fts\u00fcblichen Sorgfalt nicht f\u00fcr den Schaden, der durch das Nichterkennen von Legitimationsm\u00e4ngeln, vor allem durch F\u00e4lschungen entstehen k\u00f6nnte.<br \/>Diesbez\u00fcglich sind Zustelladressen, Zweitinhaber, Vollmachten, letztwillige Verf\u00fcgungen usw. f\u00fcr die GSK AG unbeachtlich, weshalb jede Haftung ausdr\u00fccklich abgelehnt wird. Der K\u00e4ufer haftet mit dem eingelagerten Material f\u00fcr die in diesem Zusammenhang entstehenden Kosten.<br \/>F\u00fcr schriftliche Verkaufsauftr\u00e4ge wird in der Regel sofort nach Eingang ein Geldkurs gem\u00e4ss Ziffer 7 f\u00fcr die entsprechende Edelmetallart berechnet. Bei allgemeiner Panik, chaotischen oder zwangsregulierten M\u00e4rkten, h\u00f6herer Gewalt usw. kann es zu erheblichen Verz\u00f6gerungen in der Berechnung eines Geldkurses kommen. Die GSK AG lehnt daf\u00fcr jede Haftung ab.<br \/>Der Kunde ist frei, den Geldkurs der GSK AG zu akzeptieren, oder sich f\u00fcr diesen Geldkurs Edelmetalle physisch ausliefern zu lassen und anderweitig zu verkaufen. Die GSK AG ist nicht verpflichtet, den Lagerbestand des Kunden anzukaufen.<\/p><h3 class=\"fusion-responsive-typography-calculated\" data-fontsize=\"16\" data-lineheight=\"24px\">10. Physische Auslieferung<\/h3><p>Der Kunde kann jederzeit die Aufl\u00f6sung seines Edelmetalllagers verlangen, wobei folgendes zu beachten ist:<br \/><strong>a)<\/strong> Ganze Edelmetallbarren: Sofern der Kunde den Gegenwert von 1 Kilogramm Gold-, Platin-, Palladium- und\/oder 1.000 Unzen Silberbarren bzw. ein Vielfaches davon eingelagert hat, wird ihm diese Menge physisch ausgeliefert.<br \/><strong>b)<\/strong> Fraktionen: Fraktionen werden grunds\u00e4tzlich in Geldwert nach Ziffer 7 umgerechnet. Nach Wahl der GSK AG wird dann der Geldwert entweder in Edelmetallkleinmengen nach Ziffer 6 umgerechnet und ausgeliefert oder ausgezahlt. Der Kunde ist auch berechtigt die Differenz zu einem Edelmetallbarren aufzuzahlen und sich diesen ausliefern zu lassen.<br \/>Die physische Auslieferung der Edelmetalle erfolgt auf Kosten des Kunden, wobei z. B. Frachtkosten, Versicherungen, Mehrwertsteuern, Administrations- und Bearbeitungsgeb\u00fchren, Fahrtkosten, Z\u00f6lle und weitere l\u00e4nderspezifische Abgaben zu entrichten sind. Die Bereitstellung der Edelmetalle ben\u00f6tigt mindestens 14 Arbeitstage.<\/p><h3 class=\"fusion-responsive-typography-calculated\" data-fontsize=\"16\" data-lineheight=\"24px\">11. K\u00fcndigung des Lagervertrages<\/h3><p>Die Parteien k\u00f6nnen den Lagervertrag jederzeit schriftlich k\u00fcndigen, wobei f\u00fcr die Abwicklung die Ziffern 9 ff. zu beachten sind. Im Falle der K\u00fcndigung beh\u00e4lt sich die GSK AG in Extremsituationen wie z. B. des Ausfalls des internationalen Zahlungsverkehrs, der Nichtakzeptanz von W\u00e4hrungen o. \u00e4. das Recht vor, anstelle des Geldbetrages aus Verkauf die Edelmetalle zu liefern, sofern der Kunde dennoch auf die Aufl\u00f6sung seines EKL zu einem solchen Zeitpunkt besteht.<\/p><h3 class=\"fusion-responsive-typography-calculated\" data-fontsize=\"16\" data-lineheight=\"24px\">12. Datenschutz und Steuern<\/h3><p>Zur Einhaltung der internationalen und nationalen Gesetzgebung bez\u00fcglich der sogenannten \u201eGeldw\u00e4scherei\u201c ist der Kunde anhand eines amtlichen Dokuments vom Vermittler zu identifizieren. Die GSK AG untersteht bez\u00fcglich der Kundendaten der Schweigepflicht, weshalb keinerlei Ausk\u00fcnfte an au\u00dfenstehende Dritte erteilt werden. Die Besteuerung und die \u00fcbrigen steuerlichen Auswirkungen f\u00fcr den Kunden richten sich nach den steuergesetzlichen Vorschriften in seinem Domizilland. Es wird dem Kunden empfohlen, im Zweifelsfall einen Steuerspezialisten zu konsultieren.<\/p><h3 class=\"fusion-responsive-typography-calculated\" data-fontsize=\"16\" data-lineheight=\"24px\">13. Risikohinweise<\/h3><p>Edelmetalle geh\u00f6ren zur Kategorie der Rohstoffe. Obwohl deren Vorkommen in der Natur endlich ist und sie k\u00fcnstlich nicht reproduzierbar sind, ist dies keine Gew\u00e4hr f\u00fcr eine k\u00fcnftige und konstante Preiserh\u00f6hung. Die Vergangenheit zeigt, dass willk\u00fcrliche Marktbeeinflussungen von privater wie auch staatlicher Seite die Edelmetallpreise erheblich beeinflussen k\u00f6nnen, weshalb eine hohe Preisvolatilit\u00e4t in Kauf genommen und im ung\u00fcnstigen Moment sogar mit einem Geldverlust gegen\u00fcber dem urspr\u00fcnglichen Kaufpreis gerechnet werden muss (z. B. bei Verkaufsdruck f\u00fcr den Kunden w\u00e4hrend eines Preisr\u00fcckganges). Aus Diversifikationsgr\u00fcnden sollte ein Kauf von Edelmetallen einen bestimmten Teil (abh\u00e4ngig vom individuellen Absicherungsbed\u00fcrfnis) des gesamten Verm\u00f6gens nicht \u00fcberschreiten. In jedem Falle ist der Kauf von Edelmetallen langfristig zu betrachten, wobei stetige Zuk\u00e4ufe den Durchschnittskaufpreis senken k\u00f6nnen. <u>Von K\u00e4ufen auf Kredit wird abgeraten<\/u>. Die GSK AG lehnt jegliche Haftung f\u00fcr Verluste ab. Ebenso \u00fcbernimmt die GSK AG keinerlei Haftung insbesondere f\u00fcr die Metallauslieferung und Metallverk\u00e4ufe bei Ereignissen wie Krieg, h\u00f6herer Gewalt, chaotischen M\u00e4rkten, allgemeiner Panik, staatlichen Eingriffen usw. Die GSK AG ist kein Finanzdienstleister oder Verm\u00f6gensverwalter, sondern Edelmetallh\u00e4ndler. Somit erteilt die GSK AG keine \u201eAnlageberatung\u201c, sondern verkauft ausschlie\u00dflich physisches Edelmetall und lagert es ein.<\/p><h3 class=\"fusion-responsive-typography-calculated\" data-fontsize=\"16\" data-lineheight=\"24px\">14. G\u00fcltigkeit und \u00c4nderungen der AGB<\/h3><p>Diese AGB ersetzen alle vorhergehenden. Sie sind integrierender Bestandteil des EKL. M\u00fcndliche Nebenabreden sind nichtig. Die GSK AG beh\u00e4lt sich jederzeit \u00c4nderungen der AGB vor, insbesondere aufgrund von \u00c4nderungen der gesetzlichen Vorgaben. Diese werden dem Kunden in geeigneter Form, vorab schriftlich, zur Kenntnis gebracht und treten 14 Tage nach Erhalt in Kraft.<\/p><h3 class=\"fusion-responsive-typography-calculated\" data-fontsize=\"16\" data-lineheight=\"24px\">15. Salvatorische Klausel<\/h3><p>Sollte nach dem Recht einer Rechtsordnung zu irgendeiner Zeit eine Bestimmung oder ein Teil einer Bestimmung dieser AGB rechtswidrig, ung\u00fcltig oder nicht durchsetzbar werden, so bleibt die Rechtm\u00e4\u00dfigkeit, G\u00fcltigkeit oder Durchsetzbarkeit der \u00fcbrigen AGB sowie des EKL unber\u00fchrt.<\/p><h3 class=\"fusion-responsive-typography-calculated\" data-fontsize=\"16\" data-lineheight=\"24px\">16. Gerichtsstand, anwendbares Recht<\/h3><p>Alle Rechtsbeziehungen des Kunden mit der GSK AG unterstehen Liechtensteinischem Recht. Ausschliesslicher Gerichtsstand f\u00fcr alle Verfahren ist Vaduz, F\u00fcrstentum Liechtenstein. Die GSK AG hat auch das Recht, den Kunden bei jedem anderen zust\u00e4ndigen Gericht zu belangen.<\/p><h3 class=\"fusion-responsive-typography-calculated\" data-fontsize=\"16\" data-lineheight=\"24px\">17. Widerrufsrecht<\/h3><p><u><strong>Der Kunde kann den EKL innerhalb von 14 Tagen nach Unterschriftsdatum ohne Angabe von Gr\u00fcnden schriftlich widerrufen. Es gilt das Datum des Poststempels. Allf\u00e4llig \u00fcberwiesenes Geld wird \u2013 abz\u00fcglich Bank-, Treuhand und Administrationsspesen \u2013 zur\u00fcckerstattet. Der Kunde verwirkt das Widerrufsrecht, wenn er den vereinbarten Kaufpreis innerhalb der Widerrufsfrist zahlt.<\/strong><\/u><br \/>Der Kunde best\u00e4tigt mit seiner Unterschrift, die AGB gelesen, verstanden und erhalten zu haben. Er anerkennt ausdr\u00fccklich den Inhalt und die Bedingungen der AGB.<\/p><\/div>\t\t\t\t\t\t\t\t<\/div>\n\t\t\t\t<\/div>\n\t\t\t\t\t<\/div>\n\t\t<\/div>\n\t\t\t\t\t<\/div>\n\t\t<\/section>\n\t\t\t\t<div class=\"elementor-element elementor-element-196fa111 elementor-widget elementor-widget-spacer\" data-id=\"196fa111\" data-element_type=\"widget\" data-e-type=\"widget\" data-widget_type=\"spacer.default\">\n\t\t\t\t<div class=\"elementor-widget-container\">\n\t\t\t\t\t\t\t<div class=\"elementor-spacer\">\n\t\t\t<div class=\"elementor-spacer-inner\"><\/div>\n\t\t<\/div>\n\t\t\t\t\t\t<\/div>\n\t\t\t\t<\/div>\n\t\t\t\t\t<\/div>\n\t\t<\/div>\n\t\t\t\t\t<\/div>\n\t\t<\/section>\n\t\t\t\t<\/div>\n\t\t","protected":false},"excerpt":{"rendered":"<p>AGB Allgemeine Gesch\u00e4ftsbedingungen Allgemeine Gesch\u00e4ftsbedingungen (AGB) der Gold &amp; Silber Kontor AG Stand: 03.09.2019 1. Rechtsverh\u00e4ltnis Die Gold &amp; Silber Kontor AG (GSK AG) ist ein H\u00e4ndler mit Edelmetallen, welche zum Kauf und zur Lagerung angeboten werden. Die rechtliche Grundlage bilden der Edelmetallkauf- und Lagervertrag (EKL) sowie die vorliegenden AGB. F\u00fcr jeden Kauf muss ein [&hellip;]<\/p>\n","protected":false},"author":1,"featured_media":0,"parent":0,"menu_order":0,"comment_status":"closed","ping_status":"closed","template":"","meta":{"ocean_post_layout":"full-screen","ocean_both_sidebars_style":"","ocean_both_sidebars_content_width":0,"ocean_both_sidebars_sidebars_width":0,"ocean_sidebar":"0","ocean_second_sidebar":"0","ocean_disable_margins":"enable","ocean_add_body_class":"","ocean_shortcode_before_top_bar":"","ocean_shortcode_after_top_bar":"","ocean_shortcode_before_header":"","ocean_shortcode_after_header":"","ocean_has_shortcode":"","ocean_shortcode_after_title":"","ocean_shortcode_before_footer_widgets":"","ocean_shortcode_after_footer_widgets":"","ocean_shortcode_before_footer_bottom":"","ocean_shortcode_after_footer_bottom":"","ocean_display_top_bar":"default","ocean_display_header":"default","ocean_header_style":"","ocean_center_header_left_menu":"0","ocean_custom_header_template":"0","ocean_custom_logo":0,"ocean_custom_retina_logo":0,"ocean_custom_logo_max_width":0,"ocean_custom_logo_tablet_max_width":0,"ocean_custom_logo_mobile_max_width":0,"ocean_custom_logo_max_height":0,"ocean_custom_logo_tablet_max_height":0,"ocean_custom_logo_mobile_max_height":0,"ocean_header_custom_menu":"0","ocean_menu_typo_font_family":"0","ocean_menu_typo_font_subset":"","ocean_menu_typo_font_size":0,"ocean_menu_typo_font_size_tablet":0,"ocean_menu_typo_font_size_mobile":0,"ocean_menu_typo_font_size_unit":"px","ocean_menu_typo_font_weight":"","ocean_menu_typo_font_weight_tablet":"","ocean_menu_typo_font_weight_mobile":"","ocean_menu_typo_transform":"","ocean_menu_typo_transform_tablet":"","ocean_menu_typo_transform_mobile":"","ocean_menu_typo_line_height":0,"ocean_menu_typo_line_height_tablet":0,"ocean_menu_typo_line_height_mobile":0,"ocean_menu_typo_line_height_unit":"","ocean_menu_typo_spacing":0,"ocean_menu_typo_spacing_tablet":0,"ocean_menu_typo_spacing_mobile":0,"ocean_menu_typo_spacing_unit":"","ocean_menu_link_color":"","ocean_menu_link_color_hover":"","ocean_menu_link_color_active":"","ocean_menu_link_background":"","ocean_menu_link_hover_background":"","ocean_menu_link_active_background":"","ocean_menu_social_links_bg":"","ocean_menu_social_hover_links_bg":"","ocean_menu_social_links_color":"","ocean_menu_social_hover_links_color":"","ocean_disable_title":"default","ocean_disable_heading":"default","ocean_post_title":"","ocean_post_subheading":"","ocean_post_title_style":"","ocean_post_title_background_color":"","ocean_post_title_background":0,"ocean_post_title_bg_image_position":"","ocean_post_title_bg_image_attachment":"","ocean_post_title_bg_image_repeat":"","ocean_post_title_bg_image_size":"","ocean_post_title_height":0,"ocean_post_title_bg_overlay":0.5,"ocean_post_title_bg_overlay_color":"","ocean_disable_breadcrumbs":"default","ocean_breadcrumbs_color":"","ocean_breadcrumbs_separator_color":"","ocean_breadcrumbs_links_color":"","ocean_breadcrumbs_links_hover_color":"","ocean_display_footer_widgets":"default","ocean_display_footer_bottom":"default","ocean_custom_footer_template":"0","footnotes":""},"class_list":["post-266","page","type-page","status-publish","hentry","entry"],"_links":{"self":[{"href":"https:\/\/www.gold-silber-kontor.li\/index.php?rest_route=\/wp\/v2\/pages\/266","targetHints":{"allow":["GET"]}}],"collection":[{"href":"https:\/\/www.gold-silber-kontor.li\/index.php?rest_route=\/wp\/v2\/pages"}],"about":[{"href":"https:\/\/www.gold-silber-kontor.li\/index.php?rest_route=\/wp\/v2\/types\/page"}],"author":[{"embeddable":true,"href":"https:\/\/www.gold-silber-kontor.li\/index.php?rest_route=\/wp\/v2\/users\/1"}],"replies":[{"embeddable":true,"href":"https:\/\/www.gold-silber-kontor.li\/index.php?rest_route=%2Fwp%2Fv2%2Fcomments&post=266"}],"version-history":[{"count":13,"href":"https:\/\/www.gold-silber-kontor.li\/index.php?rest_route=\/wp\/v2\/pages\/266\/revisions"}],"predecessor-version":[{"id":642,"href":"https:\/\/www.gold-silber-kontor.li\/index.php?rest_route=\/wp\/v2\/pages\/266\/revisions\/642"}],"wp:attachment":[{"href":"https:\/\/www.gold-silber-kontor.li\/index.php?rest_route=%2Fwp%2Fv2%2Fmedia&parent=266"}],"curies":[{"name":"wp","href":"https:\/\/api.w.org\/{rel}","templated":true}]}}